













































































{"id":13364,"date":"2016-08-05T12:33:01","date_gmt":"2016-08-05T12:33:01","guid":{"rendered":"http:\/\/ignca.gov.in\/?page_id=13364"},"modified":"2016-08-05T13:27:41","modified_gmt":"2016-08-05T13:27:41","slug":"the-samalaji-visvarupa-2","status":"publish","type":"page","link":"https:\/\/ignca.gov.in\/hi\/the-samalaji-visvarupa-2\/","title":{"rendered":"(English) THE \u015aAMAL\u0100J\u012b Vi\u015bvar\u016bpa"},"content":{"rendered":"<p class=\"qtranxs-available-languages-message qtranxs-available-languages-message-hi\">Sorry, currently this content is only available in English<\/p>","protected":false},"excerpt":{"rendered":"<p>Sorry, currently this content is only available in English<\/p>\n","protected":false},"author":50279,"featured_media":0,"parent":0,"menu_order":0,"comment_status":"open","ping_status":"open","template":"","meta":{"footnotes":""},"class_list":["post-13364","page","type-page","status-publish","hentry"],"_links":{"self":[{"href":"https:\/\/ignca.gov.in\/hi\/wp-json\/wp\/v2\/pages\/13364","targetHints":{"allow":["GET"]}}],"collection":[{"href":"https:\/\/ignca.gov.in\/hi\/wp-json\/wp\/v2\/pages"}],"about":[{"href":"https:\/\/ignca.gov.in\/hi\/wp-json\/wp\/v2\/types\/page"}],"author":[{"embeddable":true,"href":"https:\/\/ignca.gov.in\/hi\/wp-json\/wp\/v2\/users\/50279"}],"replies":[{"embeddable":true,"href":"https:\/\/ignca.gov.in\/hi\/wp-json\/wp\/v2\/comments?post=13364"}],"version-history":[{"count":0,"href":"https:\/\/ignca.gov.in\/hi\/wp-json\/wp\/v2\/pages\/13364\/revisions"}],"wp:attachment":[{"href":"https:\/\/ignca.gov.in\/hi\/wp-json\/wp\/v2\/media?parent=13364"}],"curies":[{"name":"wp","href":"https:\/\/api.w.org\/{rel}","templated":true}]}}