













































































{"id":253,"date":"2015-05-21T08:28:07","date_gmt":"2015-05-21T08:28:07","guid":{"rendered":"http:\/\/localhost\/ignca\/?page_id=253"},"modified":"2016-10-27T18:00:19","modified_gmt":"2016-10-27T12:30:19","slug":"kalamulasastra-series","status":"publish","type":"page","link":"https:\/\/ignca.gov.in\/hi\/online-digital-resources\/books\/kalamulasastra-series\/","title":{"rendered":"Kal\u0101m\u016bla\u015b\u0101stra Series"},"content":{"rendered":"<p><\/p>\n<div style=\"padding: 0 0 10px 0; text-align: center; font-weight: bold;\"><a href=\"http:\/\/ignca.gov.in\/divisionss\/kalakosa\/\">Kal\u0101ko\u015ba<\/a> \u00a0\u00a0\u00a0 <a href=\"http:\/\/ignca.gov.in\/divisionss\/kalakosa\/kalamulasastra\/\">Kal\u0101m\u016bla\u015b\u0101stra<\/a><\/div>\n<p><\/p>\n<table class=\"table table-bordered\">\n<tbody>\n<tr class=\"heading-rowng\">\n<td valign=\"top\" width=\"20%\">CATEGORY<\/td>\n<td valign=\"top\" width=\"35%\">BOOKS AUTHOR \/ EDITOR \/ TRANSLATOR<\/td>\n<td valign=\"top\" width=\"45%\">DETAIL<\/td>\n<\/tr>\n<tr>\n<td valign=\"top\" width=\"20%\"><a name=\"Rituals\"><\/a><span style=\"color: #000000;\">Texts on Rituals<\/span><\/td>\n<td valign=\"top\" width=\"35%\"><a style=\"color: #9c4827;\" href=\"#\">KANVASATAPATHABRAHMANAM<\/a> (KMS No. 12, 22, 30, 31,39 &amp; 40)Volumes, I, II, III, IV &amp; V (upto Kanda ten)C. R. Swaminathan (ed. &amp; tr.)<\/p>\n<div align=\"center\"><center><\/p>\n<table style=\"border-collapse: collapse;\" border=\"0\" width=\"50%\" cellspacing=\"5\" cellpadding=\"5\">\n<tbody>\n<tr>\n<td width=\"26%\">Volume<\/td>\n<td width=\"74%\">View Book<\/td>\n<\/tr>\n<tr>\n<td align=\"center\" width=\"26%\">I<\/td>\n<td width=\"74%\"><a href=\"#\" target=\"_blank\"> <img loading=\"lazy\" decoding=\"async\" src=\"http:\/\/ignca.gov.in\/wp-content\/uploads\/2015\/07\/pdf.png\" alt=\"\" width=\"32\" height=\"32\" border=\"0\" \/><\/a><\/td>\n<\/tr>\n<tr>\n<td align=\"center\" width=\"26%\">II<\/td>\n<td width=\"74%\">\n<p dir=\"ltr\"><a href=\"#\" target=\"_blank\"> <img loading=\"lazy\" decoding=\"async\" src=\"http:\/\/ignca.gov.in\/wp-content\/uploads\/2015\/07\/pdf.png\" alt=\"\" width=\"32\" height=\"32\" border=\"0\" \/><\/a><\/p>\n<\/td>\n<\/tr>\n<tr>\n<td align=\"center\" width=\"26%\">III<\/td>\n<td width=\"74%\"><a href=\"#\" target=\"_blank\"> <img loading=\"lazy\" decoding=\"async\" src=\"http:\/\/ignca.gov.in\/wp-content\/uploads\/2015\/07\/pdf.png\" alt=\"\" width=\"32\" height=\"32\" border=\"0\" \/><\/a><\/td>\n<\/tr>\n<tr>\n<td align=\"center\" width=\"26%\">IV<\/td>\n<td width=\"74%\"><a href=\"#\" target=\"_blank\"> <img loading=\"lazy\" decoding=\"async\" src=\"http:\/\/ignca.gov.in\/wp-content\/uploads\/2015\/07\/pdf.png\" alt=\"\" width=\"32\" height=\"32\" border=\"0\" \/><\/a><\/td>\n<\/tr>\n<tr>\n<td align=\"center\" width=\"26%\">V<\/td>\n<td width=\"74%\"><a href=\"#\" target=\"_blank\"> <img loading=\"lazy\" decoding=\"async\" src=\"http:\/\/ignca.gov.in\/wp-content\/uploads\/2015\/07\/pdf.png\" alt=\"\" width=\"32\" height=\"32\" border=\"0\" \/><\/a><\/td>\n<\/tr>\n<\/tbody>\n<\/table>\n<p><\/center><\/div>\n<\/td>\n<td valign=\"top\" width=\"45%\">1994, VOl. I (kanda one), xxiii+168., textual notes ISBN: 81-208-1126-7, Rs. 300(HB)1997, vol. II (kandas two &amp; three), xxv+297pp., textual notes, ISBN: 81-208-1127-5, Rs. 550<br \/>\n(HB)2000, Vol. III (kandas four &amp; five), xxvii+414pp., textual notes, ISBN: 81-208-1549-1, Rs. 700 (HB)2001, Vol. IV (kandas six, seven &amp; eight), ix+334pp., textual notes, ISBN 81-208-1150-5, Rs. 600 (HB)<\/p>\n<p>2005, Vol. V (kandas nine &amp; ten) ix+225pp., Abb., ISBN 81-208-2047-9 (Vol. V) ISBN: 81-208-1128-3(set), Rs. 497 (HB)<\/p>\n<p>2011, Vol. VI, (Kandas eleven, twelve &amp; thirteen) xv+435pp., Abb., ISBN: 978-81-208-3494-1, Rs. 1000 (HB)<\/p>\n<p>2015, xv+373pp., Abb., ISBN: 978-81-208-3495-8, Rs. 1350(HB)<\/td>\n<\/tr>\n<tr>\n<td valign=\"top\" width=\"20%\"><\/td>\n<td valign=\"top\" width=\"35%\"><a href=\"#\">Latyayana-Srauta-Sutra<\/a> 3 Vols.(KMS No. 27-29)H. G.<br \/>\nRanade (ed. &amp; tr.)<\/td>\n<td valign=\"top\" width=\"45%\">1998 3 vols., xxi+1266 pp., bibl., indexes, ISBN: 81-208-1565-3(set), Rs 2200 (HB)<\/td>\n<\/tr>\n<tr>\n<td valign=\"top\" width=\"20%\"><\/td>\n<td valign=\"top\" width=\"35%\"><a href=\"#\">The Baudhayana-Srauta-sutra<\/a>(KMS No.35-38)C.<br \/>\nG. Kashikar (ed. &amp; tr.)<\/p>\n<div align=\"center\"><center><\/p>\n<table style=\"border-collapse: collapse;\" border=\"0\" width=\"50%\" cellspacing=\"5\" cellpadding=\"5\">\n<tbody>\n<tr>\n<td width=\"26%\">Volume<\/td>\n<td width=\"74%\">View Book<\/td>\n<\/tr>\n<tr>\n<td align=\"center\" width=\"26%\">I<\/td>\n<td width=\"74%\"><a href=\"#\" target=\"_blank\"> <img loading=\"lazy\" decoding=\"async\" src=\"http:\/\/ignca.gov.in\/wp-content\/uploads\/2015\/07\/pdf.png\" alt=\"\" width=\"32\" height=\"32\" border=\"0\" \/><\/a><\/td>\n<\/tr>\n<tr>\n<td align=\"center\" width=\"26%\">II<\/td>\n<td width=\"74%\">\n<p dir=\"ltr\"><a href=\"#\" target=\"_blank\"> <img loading=\"lazy\" decoding=\"async\" src=\"http:\/\/ignca.gov.in\/wp-content\/uploads\/2015\/07\/pdf.png\" alt=\"\" width=\"32\" height=\"32\" border=\"0\" \/><\/a><\/p>\n<\/td>\n<\/tr>\n<tr>\n<td align=\"center\" width=\"26%\">III<\/td>\n<td width=\"74%\"><a href=\"#\" target=\"_blank\"> <img loading=\"lazy\" decoding=\"async\" src=\"http:\/\/ignca.gov.in\/wp-content\/uploads\/2015\/07\/pdf.png\" alt=\"\" width=\"32\" height=\"32\" border=\"0\" \/><\/a><\/td>\n<\/tr>\n<tr>\n<td align=\"center\" width=\"26%\">IV<\/td>\n<td width=\"74%\"><a href=\"#\" target=\"_blank\"> <img loading=\"lazy\" decoding=\"async\" src=\"http:\/\/ignca.gov.in\/wp-content\/uploads\/2015\/07\/pdf.png\" alt=\"\" width=\"32\" height=\"32\" border=\"0\" \/><\/a><\/td>\n<\/tr>\n<\/tbody>\n<\/table>\n<p><\/center><\/div>\n<p align=\"center\">\n<\/td>\n<td valign=\"top\" width=\"45%\">2003, 4 vols., xlv+1844pp., abbr., gloss.,bibl., ISBN: 81-208-1852-0 (set), Rs. 4200 (HB)<\/td>\n<\/tr>\n<tr>\n<td valign=\"top\" width=\"20%\"><\/td>\n<td valign=\"top\" width=\"35%\"><a style=\"color: #9c4827; text-decoration: none; text-underline: none; text-line-through: none; font-weight: bold;\" href=\"#\">The Tantra of Svayambhu Vidyapada<\/a> with the commentary of Sadyojyoti(KMS No. 13)Pierre-Sylvain<br \/>\nFilliozat (ed. &amp; tr.)<\/td>\n<td valign=\"top\" width=\"45%\">1994, xxxviii+144pp., indexs, ISBN:91-208-1125-9, Rs 200 (HB)<\/td>\n<\/tr>\n<tr>\n<td valign=\"top\" width=\"20%\"><\/td>\n<td valign=\"top\" width=\"35%\"><a href=\"#\">Ajitamahatantra<\/a>The Great Tantra of Ajita(KMS No.47-51)N.<br \/>\nR. Bhat, Jean Filliozat, Pierre-Sylvain Filliozat (ed. &amp; tr.)<\/td>\n<td valign=\"top\" width=\"45%\">2005, 5 vols., xii+277pp. (vol. I),vi+383pp. (vol. II),<br \/>\nvii+419pp. (vol. III), vi+42opp. (vol. IV), xxi+185pp. (vol. Y), preface,<br \/>\nintro., gloss., verse index, ISBN: 81-208-1969-I (vol. I),81-208-1970-5<br \/>\n(vol. II), 81-208-1971-3 (vol. III), 81-208-1971-I (vol. IV),<br \/>\n81-208-1973-X (vol. Y), 81-208-1974-8 (set), Rs. 4500 (HB).<\/td>\n<\/tr>\n<tr>\n<td valign=\"top\" width=\"20%\"><\/td>\n<td valign=\"top\" width=\"35%\"><a href=\"#\">Isvarasamhita<\/a>Edited and Translated by: V. VARADACHARIKMS series No. 42, 43, 44 , 45 &amp; 46<\/td>\n<td valign=\"top\" width=\"45%\">2009, 371 pp., abb., Intro., ISBN 978-81-208-3217-6 (Vol.I)2009, 372-551 pp., ISBN 978-81-208-3218-3(Vol.II)2009, 552-1087 pp., ISBN 978-81-208-3219-0(Vol.III)2009, 1098-1491pp., ISBN 978-81-208-3220-6(Vol.IV)<\/p>\n<p>2009, 1492-1887 pp., ISBN 978-81-208-3221-3(Vol.V) Rs.6000 (set of five vols.) (HB)<\/td>\n<\/tr>\n<tr>\n<td valign=\"top\" width=\"20%\"><a name=\"Puranas\"><\/a> Texts from the Puranas<\/td>\n<td valign=\"top\" width=\"35%\"><a href=\"#\">Kalikapurane Murtivinirdesah<\/a>(KMS No.9) Biswanarayan Shastri(ed. &amp; tr.)<\/td>\n<td valign=\"top\" width=\"45%\">1994, xxxiv+158pp. textual notes, notes, bibl. index, ISBN: 81-208-1124-0: Rs 250 (HB)<\/td>\n<\/tr>\n<tr>\n<td valign=\"top\" width=\"20%\"><\/td>\n<td valign=\"top\" width=\"35%\"><a href=\"#\">Citrasutra Visnudharmottra<\/a>(KMS No.32) Parul Dave Mukherjee (ed. &amp; tr.)<\/td>\n<td valign=\"top\" width=\"45%\">2001, x1v+293pp., line drawings,bibl., gloss, index, ISBN: 81-208-1805-9, Rs. 750 (HB)<\/td>\n<\/tr>\n<tr>\n<td valign=\"top\" width=\"20%\"><a name=\"MusicDance\"><\/a><span style=\"color: #000000;\">Texts on Music &amp; Dance<\/span><\/td>\n<td valign=\"top\" width=\"35%\"><a href=\"#\">Matralaksanam<\/a> (KMS No.1)Wayne Howard (ed. &amp; tr.)<\/p>\n<div align=\"center\"><center><\/p>\n<table style=\"border-collapse: collapse;\" border=\"0\" width=\"50%\" cellspacing=\"5\" cellpadding=\"5\">\n<tbody>\n<tr>\n<td width=\"26%\">Volume<\/td>\n<td width=\"74%\">View Book<\/td>\n<\/tr>\n<tr>\n<td align=\"center\" width=\"26%\">I<\/td>\n<td width=\"74%\"><a href=\"#\" target=\"_blank\"> <img loading=\"lazy\" decoding=\"async\" src=\"http:\/\/ignca.gov.in\/wp-content\/uploads\/2015\/07\/pdf.png\" alt=\"\" width=\"32\" height=\"32\" border=\"0\" \/><\/a><\/td>\n<\/tr>\n<\/tbody>\n<\/table>\n<p><\/center><\/div>\n<\/td>\n<td valign=\"top\" width=\"45%\">1988, xvi,+98 pp., musical notations, bibl. indexes, ISBN: 81-208-0585-5, Rs 150 (HB)<\/td>\n<\/tr>\n<tr>\n<td valign=\"top\" width=\"20%\"><\/td>\n<td valign=\"top\" width=\"35%\"><a href=\"#\">The Puspasutra<\/a> &#8211; A Pratisakhya of the Samaveda(KMS No. 33 &amp; 34) G.H. Tarlekar (ed. &amp; tr.)<\/p>\n<div align=\"center\"><center><\/p>\n<table style=\"border-collapse: collapse;\" border=\"0\" width=\"50%\" cellspacing=\"5\" cellpadding=\"5\">\n<tbody>\n<tr>\n<td dir=\"ltr\" width=\"26%\">Volume<\/td>\n<td width=\"74%\">View Book<\/td>\n<\/tr>\n<tr>\n<td dir=\"ltr\" align=\"center\" width=\"26%\">I<\/td>\n<td width=\"74%\"><a href=\"#\" target=\"_blank\"> <img loading=\"lazy\" decoding=\"async\" src=\"http:\/\/ignca.gov.in\/wp-content\/uploads\/2015\/07\/pdf.png\" alt=\"\" width=\"32\" height=\"32\" border=\"0\" \/><\/a><\/td>\n<\/tr>\n<tr>\n<td dir=\"ltr\" align=\"center\" width=\"26%\">II<\/td>\n<td width=\"74%\"><a href=\"#\" target=\"_blank\"> <img loading=\"lazy\" decoding=\"async\" src=\"http:\/\/ignca.gov.in\/wp-content\/uploads\/2015\/07\/pdf.png\" alt=\"\" width=\"32\" height=\"32\" border=\"0\" \/><\/a><\/td>\n<\/tr>\n<\/tbody>\n<\/table>\n<p><\/center><\/div>\n<\/td>\n<td valign=\"top\" width=\"45%\">2001, 2 vols., xxxii+415pp., appen.,bibl., indexes, ISBN: 81-208-1792-3 (set), Rs. 1550 (HB)<\/td>\n<\/tr>\n<tr>\n<td valign=\"top\" width=\"20%\"><\/td>\n<td valign=\"top\" width=\"35%\"><a href=\"#\">Dattilam of Dattila Muni<\/a>(KMS No.2) Mukund Lath (ed. &amp; tr.)<\/td>\n<td valign=\"top\" width=\"45%\">1988, xvii+236pp., textual notes., com., appen., bibl., indexes, ISBN:81-208-0586-0, Rs 300 (HB)<\/td>\n<\/tr>\n<tr>\n<td valign=\"top\" width=\"20%\"><\/td>\n<td valign=\"top\" width=\"35%\"><a href=\"#\">Brhaddesi of Sri Matanga Muni<\/a> Vol. I &#8211; II (KMS No. 8,10) Premlata Sharma assisted by Anil Bihari Beohar (eds. &amp; trs.)<\/td>\n<td valign=\"top\" width=\"45%\">1992, Vol.I, xviii+193pp., textual notes, notes, ISBN:81-208-1031-7, Rs. 275 (HB) 1994, Vol. II, xviii+320pp.,textual notes, notes, ISBN: 81-208-1032-5, Rs.300 (HB);<\/td>\n<\/tr>\n<tr>\n<td valign=\"top\" width=\"20%\"><\/td>\n<td valign=\"top\" width=\"35%\"><a href=\"#\">Srihastamuktavali of Subhankara Kavi<\/a>(KMS No. 3)Maheswar Neog (ed. &amp; tr.)<\/td>\n<td valign=\"top\" width=\"45%\">\n<p align=\"left\">1991, xlii+206pp.,col. plates, appen., select bibl., index, ISBN: 81-208-0829-0: Rs 300 (HB)<\/p>\n<\/td>\n<\/tr>\n<tr>\n<td valign=\"top\" width=\"20%\"><\/td>\n<td valign=\"top\" width=\"35%\"><a href=\"#\">Nartananirnaya of Sri Pandarika Vitthala<\/a> 3 Vols.(KMS No.7-9) R.Sathyanarayana (ed. &amp; tr.)<\/td>\n<td valign=\"top\" width=\"45%\">1994,Vol. I, xiii+357pp., indexes, ISBN: 81-208-1217-9, Rs. 450(HB)1996,Vol.II,xi+491pp.,indexes, ISBN: 81-208-1218-2, Rs. 650 (HB)1998 Vol. III, xi+557pp., bibl.indexex, ISBN:81-208-1219-0,Rs 800 (HB)<\/td>\n<\/tr>\n<tr>\n<td valign=\"top\" width=\"20%\"><\/td>\n<td valign=\"top\" width=\"35%\"><a href=\"#\"> Tarjuma-i-Manakutuhala &amp;Risala-i-Ragadarpana of Fazirullah (Nawab Saif Khan)<\/a>(KMS No. 21) Shahab Sarmadee (ed. &amp; tr.)<\/td>\n<td valign=\"top\" width=\"45%\">1996 lxviii+314pp., b &amp; w plates, notes, appen., index, ISBN :81-208-1282-4, Rs 500 (HB)<\/td>\n<\/tr>\n<tr>\n<td valign=\"top\" width=\"20%\"><\/td>\n<td valign=\"top\" width=\"35%\"><a href=\"#\">The Sangitopanisat-Saroddharah <\/a> of Vacanacarya Sri Sudhakalasa (A fourteenth century text on music from Western India)(KMS No. 23) Allyn Miner (ed. &amp; tr.)<\/td>\n<td valign=\"top\" width=\"45%\">1998,lxvii+263pp., bibl. indexes, ISBN: 81-208-1548-3,:Rs 400 (HB)<\/td>\n<\/tr>\n<tr>\n<td valign=\"top\" width=\"20%\"><\/td>\n<td valign=\"top\" width=\"35%\"><a href=\"#\"> Caturdandiprakasika of Sri Venkatamakhin<\/a> (A treatise of music with special reference to the instrumentof Vina)(KMS No. 24 &amp; 25) R Sathyanarayana (ed. &amp; tr.)<\/td>\n<td valign=\"top\" width=\"45%\">2006,xxv+472pp., (Vol. I), xxviii+666 (Vol. II), notes, bibl., indexes, ISBN:81-208-1849-0 (Vol. I), 81-208-1850-4 (Vol. II), 81-208-1851-2(set), Rs.3000 (set)<\/td>\n<\/tr>\n<tr>\n<td valign=\"top\" width=\"20%\"><\/td>\n<td valign=\"top\" width=\"35%\"><a href=\"#\">Sangitanarayana Volume I &amp; II of SRI PURUSOTTAMA MISRAI<\/a>(KMS No. 53 &amp; 54)Edited by Mandakranta Bose<\/td>\n<td valign=\"top\" width=\"45%\">2009,xix + 968 pp., ISBN: 978-81-208-3289-3 (Vol. I), ISBN: 978-81-2-8-3288-6(set), Rs. 2100<\/td>\n<\/tr>\n<tr>\n<td valign=\"top\" width=\"20%\"><\/td>\n<td valign=\"top\" width=\"35%\"><a href=\"#\">Ragalaksanam Sri Mudduvenkatamakhinn<\/a>KMS series No.58Edited and Translated by : R. SATHYANARAYANA<\/td>\n<td valign=\"top\" width=\"45%\">2010, xvii + 376 pp., ISBN : 978-81-208-3408-8, Rs. 900(HB)<\/td>\n<\/tr>\n<tr>\n<td valign=\"top\" width=\"20%\"><\/td>\n<td valign=\"top\" width=\"35%\"><a href=\"#\">Ragavibodha<\/a>KMS No. 60Edited and Translated by: Ranganayaki V. Ayyangar<\/td>\n<td valign=\"top\" width=\"45%\">\n<p dir=\"ltr\">2014, xlv+391pp., ISBN: 978-81-208-3794-2, Rs. (HB)<\/p>\n<\/td>\n<\/tr>\n<tr>\n<td valign=\"top\" width=\"20%\"><a name=\"ArchitectureSculpture\"><\/a><span style=\"color: #000000;\">Texts on Architecture &amp; Sculpture<\/span><\/td>\n<td valign=\"top\" width=\"35%\"><a href=\"#\">Mayamatam<\/a> (Treatise of Housing, Architecture and Iconography) 2 Vols.(KMS No. 14-15)Bruno Dagens (ed. &amp; tr.)<\/td>\n<td valign=\"top\" width=\"45%\">2007, 2 vols., ci+978pp., line drawings, appen., bibl., index,gloss., ISBN: 978-81-208-1224-6 (vol. I),978-81-208-1225-3 (vol. II) 978-81-208-1226-0 (set), Rs.2500 (set) (HB). (3rd reprint)<\/td>\n<\/tr>\n<tr>\n<td valign=\"top\" width=\"20%\"><\/td>\n<td valign=\"top\" width=\"35%\"><a href=\"#\">Silparatnakosa <\/a>of Sthapaka Niranjana Mahapatra &#8211; A glossary of Orissan Temple<br \/>\nArchitecture(KMS No. 16) Bettina Baumer and Rajendra Prasad Das (eds. &amp; trs.)<\/td>\n<td valign=\"top\" width=\"45%\">1994,ix+228 pp.,illus., plates, gloss., bibl., indexes, ISBN: 81-208-1216-0, Rs 400 (HB)<\/td>\n<\/tr>\n<tr>\n<td valign=\"top\" width=\"20%\"><\/td>\n<td valign=\"top\" width=\"35%\"><a href=\"#\">Silpa Prakasa<\/a> (Medieval Orissan Sanskrit Text on Temple Architecture) by Ramacandra Mahapatra Kaula Bhattaraka(KMS No. 52)Bettina Baumer, Rajendra Prasad Das &amp;Sadanana Das (eds. &amp; trs.)<\/td>\n<td valign=\"top\" width=\"45%\">2005,xix+417pp., 21 figs., plates, notes, gloss., bibl., indexes, ISBN:81-208-2052-5, Rs. 1795 (HB)<\/td>\n<\/tr>\n<tr>\n<td valign=\"top\" width=\"20%\"><a name=\"PoeticsAesthetics\"><\/a><span style=\"color: #000000;\">Texts on Poetics &amp; Aesthetics<\/span><\/td>\n<td valign=\"top\" width=\"35%\"><a href=\"#\">Srngaraprakasa:(Sahityaprakash)<\/a> (HINDI)Edited by Revaprasad Dwivedi and Sadashiv Kumar Dwivedi<\/td>\n<td valign=\"top\" width=\"45%\">2007,860pp., abb., Intro., ISBN 181-85503-14-1 (Vol. 1) index, abbri., 1630pp., ISBN:181-85503-16-8 (Vol. II) 81-85503-13-3 (set) Rs. 2400 (HB)<\/td>\n<\/tr>\n<tr>\n<td valign=\"top\" width=\"20%\"><\/td>\n<td valign=\"top\" width=\"35%\"><a href=\"#\">Sarasvatikanthabharanam<\/a>(KMS No. 55, 56 &amp; 57)Edited and Translated by: Sundari Siddhartha&nbsp;<\/td>\n<td valign=\"top\" width=\"45%\">2009, 466pp., abb., intra., ISBN 978-81-208-3281(val. I),467-901pp., ISBN: 978-81-208-3282 (val. II),902-138opp., ISBN: 978-81-208-3283 (val. III) Rs. 3000 (set) (HB).<\/td>\n<\/tr>\n<tr>\n<td valign=\"top\" width=\"20%\"><a name=\"PoeticMusicalCompositions\"><\/a> <span style=\"color: #000000;\">Poetic\/Musical Compositions<\/span><\/td>\n<td valign=\"top\" width=\"35%\"><a href=\"#\">Palas of Sri Kavi Karna<\/a>4 Vols.(KMS No 4-7) Bishnupada Panda (ed. &amp; tr.)<\/td>\n<td valign=\"top\" width=\"45%\">1991, 4 vols., ci+1181 pp., maps, illus., gloss., ISBN: 81-208-0958-0 (set), Rs 1200 (HB)<\/td>\n<\/tr>\n<tr>\n<td valign=\"top\" width=\"20%\"><\/td>\n<td valign=\"top\" width=\"35%\"><a href=\"#\">Krsnagiti<\/a>of Manaveda(KMS No. 20)C. R.Swaminathan and Sudha Gopalakrishnan (eds. &amp; trs.)<\/td>\n<td valign=\"top\" width=\"45%\">1997,xv+349pp., col. ills.,ISBN: 81-208-1478-9, Rs 650 (HB)<\/td>\n<\/tr>\n<tr>\n<td valign=\"top\" width=\"20%\"><a name=\"RelatedText\"><\/a> <span style=\"color: #000000;\">Other Related Text<\/span><\/td>\n<td valign=\"top\" width=\"35%\"><a href=\"#\">Rgvediya Sankhayana Rudradhyaya<\/a> (Vol. I &amp; II)Sampadak:Prakash PandeyDistributor: D. K. Printworld (P) Ltd., New Delhi &#8211; 110015<\/p>\n<div align=\"center\"><center><\/p>\n<table style=\"border-collapse: collapse;\" border=\"0\" width=\"50%\" cellspacing=\"5\" cellpadding=\"5\">\n<tbody>\n<tr>\n<td dir=\"ltr\" width=\"26%\">Volume<\/td>\n<td width=\"74%\">View Book<\/td>\n<\/tr>\n<tr>\n<td dir=\"ltr\" align=\"center\" width=\"26%\">I<\/td>\n<td width=\"74%\"><a href=\"#\" target=\"_blank\"> <img loading=\"lazy\" decoding=\"async\" src=\"http:\/\/ignca.gov.in\/wp-content\/uploads\/2015\/07\/pdf.png\" alt=\"\" width=\"32\" height=\"32\" border=\"0\" \/><\/a><\/td>\n<\/tr>\n<\/tbody>\n<\/table>\n<p><\/center><\/div>\n<\/td>\n<td valign=\"top\" width=\"45%\">2009, vii+102, ISBN:978-81-855-3-15-8, Rs. 320<\/td>\n<\/tr>\n<tr>\n<td valign=\"top\" width=\"20%\"><\/td>\n<td valign=\"top\" width=\"35%\"><a href=\"#\">Asvalayana Samhita of the Rgveda with Padapatha<\/a> (Vol. I &amp; II) Edited by:B. B. ChoubeyDistributor: D. K. Printworld (P) Ltd., New Delhi &#8211; 110015<\/p>\n<div align=\"center\"><center><\/p>\n<table style=\"border-collapse: collapse;\" border=\"0\" width=\"50%\" cellspacing=\"5\" cellpadding=\"5\">\n<tbody>\n<tr>\n<td dir=\"ltr\" width=\"26%\">Volume<\/td>\n<td width=\"74%\">View Book<\/td>\n<\/tr>\n<tr>\n<td dir=\"ltr\" align=\"center\" width=\"26%\">I<\/td>\n<td width=\"74%\"><a href=\"#\" target=\"_blank\"> <img loading=\"lazy\" decoding=\"async\" src=\"http:\/\/ignca.gov.in\/wp-content\/uploads\/2015\/07\/pdf.png\" alt=\"\" width=\"32\" height=\"32\" border=\"0\" \/><\/a><\/td>\n<\/tr>\n<tr>\n<td dir=\"ltr\" align=\"center\" width=\"26%\">II<\/td>\n<td width=\"74%\"><a href=\"#\" target=\"_blank\"> <img loading=\"lazy\" decoding=\"async\" src=\"http:\/\/ignca.gov.in\/wp-content\/uploads\/2015\/07\/pdf.png\" alt=\"\" width=\"32\" height=\"32\" border=\"0\" \/><\/a><\/td>\n<\/tr>\n<\/tbody>\n<\/table>\n<p><\/center><\/div>\n<\/td>\n<td valign=\"top\" width=\"45%\">Vol. I(Mandalas 1-5) 2009,xxiv+148+678pp. ISBN No: 978-81-85503-18-9Vol.I(Mandalas 6-10) 2009, x+943+172pp. ISBN No: 978-81-85503-19-6, Rs. 2500(Set of 2 Vols.) (HB).<\/td>\n<\/tr>\n<tr>\n<td valign=\"top\" width=\"20%\"><\/td>\n<td valign=\"top\" width=\"35%\"><a href=\"#\">Manthanabhairavatantram<\/a>Edited &amp; Translated: Mark S.G. Dyszkowski Distributor: D. K. Printworld (P) Ltd., New Delhi &#8211; 110 015<\/td>\n<td valign=\"top\" width=\"45%\">2009, clxxxv+4873pp., illus.,intro.,notes, biblio., &amp; Indices ISBN No. 978-246-0498-3, Rs. 15500 (set of 14 vols.) (HB)<\/td>\n<\/tr>\n<\/tbody>\n<\/table>\n<p><\/p>","protected":false},"excerpt":{"rendered":"<p>Kal\u0101ko\u015ba \u00a0\u00a0\u00a0 Kal\u0101m\u016bla\u015b\u0101stra CATEGORY BOOKS AUTHOR \/ EDITOR \/ TRANSLATOR DETAIL Texts on Rituals KANVASATAPATHABRAHMANAM (KMS No. 12, 22, 30, 31,39 &amp; 40)Volumes, I, II, III, IV &amp; V (upto Kanda ten)C. R. Swaminathan (ed. &amp; tr.) Volume View Book I II III IV V 1994, VOl. I (kanda one), xxiii+168., textual notes ISBN: 81-208-1126-7, &hellip; <a href=\"https:\/\/ignca.gov.in\/hi\/online-digital-resources\/books\/kalamulasastra-series\/\" class=\"more-link\"><span class=\"screen-reader-text\">Kal\u0101m\u016bla\u015b\u0101stra Series<\/span> <span class=\"meta-nav\">&rarr;<\/span> \u0915\u094b \u092a\u0922\u093c\u0928\u093e \u091c\u093e\u0930\u0940 \u0930\u0916\u0947\u0902<\/a><\/p>\n","protected":false},"author":50279,"featured_media":0,"parent":226,"menu_order":0,"comment_status":"open","ping_status":"open","template":"Template-10.php","meta":{"footnotes":""},"class_list":["post-253","page","type-page","status-publish","hentry"],"_links":{"self":[{"href":"https:\/\/ignca.gov.in\/hi\/wp-json\/wp\/v2\/pages\/253","targetHints":{"allow":["GET"]}}],"collection":[{"href":"https:\/\/ignca.gov.in\/hi\/wp-json\/wp\/v2\/pages"}],"about":[{"href":"https:\/\/ignca.gov.in\/hi\/wp-json\/wp\/v2\/types\/page"}],"author":[{"embeddable":true,"href":"https:\/\/ignca.gov.in\/hi\/wp-json\/wp\/v2\/users\/50279"}],"replies":[{"embeddable":true,"href":"https:\/\/ignca.gov.in\/hi\/wp-json\/wp\/v2\/comments?post=253"}],"version-history":[{"count":0,"href":"https:\/\/ignca.gov.in\/hi\/wp-json\/wp\/v2\/pages\/253\/revisions"}],"up":[{"embeddable":true,"href":"https:\/\/ignca.gov.in\/hi\/wp-json\/wp\/v2\/pages\/226"}],"wp:attachment":[{"href":"https:\/\/ignca.gov.in\/hi\/wp-json\/wp\/v2\/media?parent=253"}],"curies":[{"name":"wp","href":"https:\/\/api.w.org\/{rel}","templated":true}]}}