













































































{"id":283,"date":"2015-05-21T09:53:33","date_gmt":"2015-05-21T09:53:33","guid":{"rendered":"http:\/\/localhost\/ignca\/?page_id=283"},"modified":"2026-01-06T11:34:53","modified_gmt":"2026-01-06T06:04:53","slug":"kalakosa","status":"publish","type":"page","link":"https:\/\/ignca.gov.in\/hi\/divisionss\/kalakosa\/","title":{"rendered":"\u0915\u0932\u093e\u0915\u094b\u0936"},"content":{"rendered":"<p><\/p>\n<div class=\"row\">\n<div class=\"col-md-8\">\n<h3 class=\"hdng\">\u0915\u0932\u093e\u0915\u094b\u0936<\/h3>\n<p>\u0915\u0932\u093e\u0915\u094b\u0936 \u092c\u094c\u0926\u094d\u0927\u093f\u0915 \u092a\u0930\u0902\u092a\u0930\u093e\u0913\u0902 \u0915\u093e \u0905\u0928\u094d\u0935\u0947\u0937\u0923 \u0909\u0928\u0915\u0947 \u092c\u0939\u0941\u0938\u094d\u0924\u0930\u0940\u092f \u090f\u0935\u0902 \u092c\u0939\u0941\u0935\u093f\u0937\u092f\u0940 \u0906\u092f\u093e\u092e\u094b\u0902 \u092e\u0947\u0902 \u0915\u0930\u0924\u093e \u0939\u0948\u0964 \u0936\u094b\u0927 \u0914\u0930 \u092a\u094d\u0930\u0915\u093e\u0936\u0928 \u092a\u094d\u0930\u092d\u093e\u0917 \u0915\u0947 \u0930\u0942\u092a \u092e\u0947\u0902 \u092f\u0939 \u0932\u093f\u0916\u093f\u0924 \u0938\u093e\u092e\u0917\u094d\u0930\u093f\u092f\u094b\u0902 \u0915\u094b \u0935\u093e\u091a\u093f\u0915 \u092a\u0930\u0902\u092a\u0930\u093e \u0915\u0947 \u0938\u093e\u0925, \u0926\u0943\u0936\u094d\u092f \u0915\u094b \u0936\u094d\u0930\u0935\u094d\u092f \u0915\u0947 \u0938\u093e\u0925 \u0914\u0930 \u0938\u093f\u0926\u094d\u0927\u093e\u0902\u0924 \u0915\u094b \u0935\u094d\u092f\u0935\u0939\u093e\u0930 \u0915\u0947 \u0938\u093e\u0925 \u0938\u0941\u0938\u0902\u092c\u0926\u094d\u0927 \u0915\u0930\u0924\u0947 \u0939\u0941\u090f \u0915\u0932\u093e \u0915\u094b \u0938\u093e\u0902\u0938\u094d\u0915\u0943\u0924\u093f\u0915 \u0935\u094d\u092f\u0935\u0938\u094d\u0925\u093e \u0915\u0947 \u0938\u092e\u0947\u0915\u093f\u0924 \u0922\u093e\u0902\u091a\u0947 \u092e\u0947\u0902 \u0935\u094d\u092f\u0935\u0938\u094d\u0925\u093f\u0924 \u0915\u0930\u0928\u0947 \u0915\u093e \u092a\u094d\u0930\u092f\u0924\u094d\u0928 \u0915\u0930\u0924\u093e \u0939\u0948\u0964<\/p>\n<p>\u092d\u093e\u0930\u0924\u0940\u092f \u0915\u0932\u093e \u0905\u092a\u0928\u0947 \u0936\u093e\u0938\u094d\u0924\u094d\u0930 \u0914\u0930 \u092a\u094d\u0930\u092f\u094b\u0917 \u0926\u094b\u0928\u094b\u0902 \u0938\u094d\u0935\u0930\u0942\u092a\u094b\u0902 \u092e\u0947\u0902 \u092d\u093e\u0930\u0924\u0940\u092f \u0938\u0902\u0938\u094d\u0915\u0943\u0924\u093f \u0915\u0947 \u090f\u0915\u0932, \u090f\u0915\u0940\u0915\u0943\u0924 \u0914\u0930 \u091c\u0940\u0935\u0902\u0924 \u0935\u0943\u0915\u094d\u0937 \u0915\u0940 \u0936\u093e\u0916\u093e\u090f\u0902 \u0939\u0948\u0902\u0964 \u0907\u0928\u0915\u093e \u091c\u0940\u0935\u0928 \u0915\u0947 \u0905\u0928\u094d\u092f \u092a\u0915\u094d\u0937\u094b\u0902 \u0915\u0947 \u0938\u093e\u0925 \u092a\u093e\u0930\u0938\u094d\u092a\u0930\u093f\u0915 \u0905\u0902\u0924\u0930\u094d\u0928\u093f\u0930\u094d\u092d\u0930\u0924\u093e \u0915\u093e \u0938\u0902\u092c\u0902\u0927 \u0939\u0948\u0964 \u0935\u093f\u0936\u094d\u0935-\u0926\u0943\u0937\u094d\u091f\u093f \u0915\u0924\u093f\u092a\u092f \u092e\u094c\u0932\u093f\u0915 \u0905\u0935\u0927\u093e\u0930\u0923\u093e\u0913\u0902 \u0915\u0947 \u0930\u0942\u092a \u092e\u0947\u0902 \u0938\u0902\u092a\u0941\u091f\u093f\u0924 \u0939\u094b\u0924\u0940 \u0939\u0948 \u091c\u094b \u092c\u094d\u0930\u0939\u094d\u092e\u093e\u0902\u0921, \u0938\u094d\u0925\u093e\u0928 \u0914\u0930 \u0915\u093e\u0932 \u0915\u0947, \u0915\u0947\u0928\u094d\u0926\u094d\u0930 \u0914\u0930 \u092a\u0930\u093f\u0927\u093f, \u0906\u0902\u0936\u093f\u0915 \u0930\u0942\u092a \u0938\u0947 \u0914\u0930 \u0938\u0902\u092a\u0942\u0930\u094d\u0923 \u0930\u0942\u092a \u0938\u0947, \u0936\u0930\u0940\u0930 \u0938\u0902\u0935\u0947\u0926\u0928\u093e \u0914\u0930 \u092e\u0928 \u0915\u0940 \u0938\u092e\u091d \u0915\u094b \u092a\u094d\u0930\u0924\u093f\u092c\u093f\u092e\u094d\u092c\u093f\u0924 \u0915\u0930\u0924\u0940 \u0939\u0948\u0964 \u0935\u093f\u091c\u094d\u091e\u093e\u0928 (\u0917\u0923\u093f\u0924, \u091c\u094d\u092f\u094b\u0924\u093f\u0937, \u0906\u092f\u0941\u0930\u094d\u0935\u0947\u0926 \u0906\u0926\u093f) \u0915\u094b \u0926\u0930\u094d\u0936\u0928 \u090f\u0935\u0902 \u0915\u0932\u093e \u0915\u0940 \u0935\u093f\u092d\u093f\u0928\u094d\u0928 \u0936\u093e\u0916\u093e\u0913\u0902 \u0915\u0947 \u0938\u093e\u0925 \u0938\u0902\u092c\u0926\u094d\u0927 \u0915\u0930\u0928\u0947 \u0939\u0947\u0924\u0941 \u092c\u0939\u0941\u0935\u093f\u0937\u092f\u0915 \u0909\u092a\u093e\u0917\u092e \u092a\u094d\u0930\u093e\u0925\u092e\u093f\u0915 \u092a\u0942\u0930\u094d\u0935-\u0906\u0935\u0936\u094d\u092f\u0915\u0924\u093e \u0939\u0948\u0964 \u0915\u0932\u093e\u0915\u094b\u0936 \u092a\u094d\u0930\u092d\u093e\u0917 \u0907\u0928 \u092e\u0942\u0932\u092d\u0942\u0924 \u0905\u0935\u0927\u093e\u0930\u0923\u093e\u0913\u0902 \u0915\u0947 \u0905\u0935\u0917\u093e\u0939\u0928 \u0939\u0947\u0924\u0941 \u092a\u094d\u0930\u0924\u093f\u092c\u0926\u094d\u0927 \u0930\u0939\u093e \u0939\u0948 \u0915\u094d\u092f\u094b\u0902\u0915\u093f \u0935\u0947 \u092d\u093e\u0930\u0924\u0940\u092f \u0935\u093f\u0936\u094d\u0935\u0926\u0943\u0937\u094d\u091f\u093f \u0915\u0940 \u0938\u092e\u0937\u094d\u091f\u093f\u0935\u093e\u0926\u0940 \u0926\u0930\u094d\u0936\u0928 \u0915\u0940 \u0935\u093f\u0936\u0947\u0937\u0924\u093e \u0915\u094b \u092a\u094d\u0930\u0924\u093f\u092c\u093f\u092e\u094d\u092c\u093f\u0924 \u0915\u0930\u0924\u0940 \u0939\u0948\u0902, \u0915\u093f\u0902\u0924\u0941 \u0906\u091c \u0909\u0928\u0915\u0947 \u0905\u0938\u094d\u0924\u093f\u0924\u094d\u0935 \u092a\u0930 \u0938\u0902\u0915\u0940\u0930\u094d\u0923 \u0935\u093f\u0936\u0947\u0937\u091c\u094d\u091e\u0924\u093e \u0915\u0947 \u0915\u093e\u0930\u0923 \u0938\u0902\u0915\u091f \u091b\u093e \u0917\u092f\u093e\u0964 \u0905\u092c \u0924\u0915, \u091c\u094d\u092f\u093e\u0926\u093e\u0924\u0930 \u0936\u094b\u0927 \u090f\u0915 \u0935\u093f\u0937\u092f \u092a\u0930 \u0939\u0941\u090f \u0939\u0948\u0902, \u092f\u093e \u0938\u0940\u092e\u093f\u0924 \u0910\u0924\u093f\u0939\u093e\u0938\u093f\u0915 \u0915\u093e\u0932 \u0915\u0940 \u0938\u0940\u092e\u093e \u092e\u0947\u0902, \u0915\u093f\u0902\u0924\u0941 \u0907\u0928 \u0938\u092d\u0940 \u0915\u094d\u0937\u0947\u0924\u094d\u0930\u094b\u0902 \u0915\u0940 \u0905\u0902\u0924\u0930\u094d\u0938\u0902\u092c\u0902\u0926\u094d\u0927\u0924\u093e \u0915\u0947 \u0905\u0927\u094d\u092f\u092f\u0928 \u0915\u0940 \u092d\u093e\u0930\u0940 \u0915\u092e\u0940 \u0930\u0939\u0940 \u0939\u0948\u0964 \u092f\u0926\u094d\u092f\u092a\u093f \u091c\u094d\u091e\u093e\u0928 \u0915\u093e \u092f\u0939 \u092a\u0943\u0925\u0915\u0924\u094d\u0935 \u0914\u0930 \u0935\u093f\u092d\u093e\u091c\u0928 \u092a\u094d\u0930\u093e\u0915\u0943\u0924\u093f\u0915 \u0935\u093f\u091c\u094d\u091e\u093e\u0928\u094b\u0902 \u0915\u0947 \u0915\u094d\u0937\u0947\u0924\u094d\u0930 \u092e\u0947\u0902 19\u0935\u0940\u0902 \u0936\u0924\u093e\u092c\u094d\u0926\u0940 \u0939\u0941\u090f \u0935\u093f\u0915\u093e\u0938 \u0915\u0940 \u0926\u0947\u0928 \u0939\u0948, \u0906\u091c \u0915\u0947 \u0906\u0927\u0941\u0928\u093f\u0915 \u092d\u094c\u0924\u093f\u0915\u0940, \u091c\u0940\u0935\u0935\u093f\u091c\u094d\u091e\u093e\u0928 \u090f\u0935\u0902 \u091a\u093f\u0915\u093f\u0924\u094d\u0938\u093e\u0936\u093e\u0938\u094d\u0924\u094d\u0930 \u0928\u0947 \u0935\u093f\u0936\u0941\u0926\u094d\u0927 \u0930\u0948\u0916\u093f\u0915 \u0909\u092a\u093e\u0917\u092e \u092a\u0930 \u092a\u094d\u0930\u0936\u094d\u0928 \u0909\u0920\u093e\u090f \u0939\u0948\u0902\u0964 \u0907\u0938\u092a\u094d\u0930\u0915\u093e\u0930, \u0935\u093f\u0937\u092f \u0915\u094d\u0937\u0947\u0924\u094d\u0930\u094b\u0902 \u0915\u0947 \u092c\u0940\u091a \u0905\u0902\u0924\u0930\u094d\u0938\u0902\u092c\u0902\u0926\u094d\u0927\u0924\u093e \u0915\u0940 \u092e\u093e\u0928\u094d\u092f\u0924\u093e \u092a\u0930 \u0906\u0927\u093e\u0930\u093f\u0924 \u0907\u0902.\u0917\u093e.\u0930\u093e.\u0915.\u0915\u0947\u0902. \u0915\u0947 \u0926\u0943\u0937\u094d\u091f\u093f\u0915\u094b\u0923 \u0915\u094b \u0935\u0948\u091c\u094d\u091e\u093e\u0928\u093f\u0915 \u0938\u092e\u0941\u0926\u093e\u092f \u0915\u0947 \u0928\u0935\u0940\u0928\u0924\u092e \u0905\u0902\u0924\u0930\u094d\u0926\u0943\u0937\u094d\u091f\u093f\u092f\u094b\u0902 \u090f\u0935\u0902 \u0938\u093f\u0926\u094d\u0927\u093e\u0902\u0924\u094b\u0902 \u0915\u093e \u092a\u0942\u0930\u094d\u0923 \u0938\u092e\u0930\u094d\u0925\u0928 \u0939\u093e\u0938\u093f\u0932 \u0939\u0948\u0964<\/p>\n<p>\u0907\u0938\u0947 \u0927\u094d\u092f\u093e\u0928 \u092e\u0947\u0902 \u0930\u0916\u0915\u0930, \u0915\u0932\u093e\u0915\u094b\u0936 \u092a\u094d\u0930\u092d\u093e\u0917 \u092a\u094d\u0930\u093e\u0925\u092e\u093f\u0915 \u0905\u0935\u0927\u093e\u0930\u0923\u093e\u0913\u0902, \u091c\u0940\u0935\u0928 \u0915\u0947 \u0938\u092d\u0940 \u0915\u094d\u0937\u0947\u0924\u094d\u0930\u094b\u0902 \u0914\u0930 \u0906\u092f\u093e\u092e\u094b\u0902 \u0924\u0915 \u092a\u0939\u0941\u0902\u091a \u0930\u0916\u0928\u0947 \u0935\u093e\u0932\u0947 \u092d\u093e\u0930\u0924\u0940\u092f \u0935\u093f\u0936\u094d\u0935-\u0926\u0943\u0937\u094d\u091f\u093f \u0915\u0940 \u092a\u0939\u091a\u093e\u0928 \u0915\u0930\u0928\u0947, \u092e\u0942\u0932 \u092d\u093e\u0937\u093e \u0914\u0930 \u0905\u0928\u0941\u0935\u093e\u0926 \u092e\u0947\u0902 \u0905\u092c \u0924\u0915 \u0905\u091c\u094d\u091e\u093e\u0924, \u0905\u092a\u094d\u0930\u0915\u093e\u0936\u093f\u0924 \u092f\u093e \u092a\u0939\u0941\u0902\u091a \u0938\u0947 \u0926\u0942\u0930 \u0930\u0939\u0947 \u0932\u093f\u0916\u093f\u0924 \u0938\u094d\u0930\u094b\u0924 \u0938\u093e\u092e\u0917\u094d\u0930\u093f\u092f\u094b\u0902 \u0915\u094b \u092a\u094d\u0930\u0915\u093e\u0936\u093f\u0924 \u0915\u0930\u0928\u0947, \u0938\u092e\u0917\u094d\u0930\u0924\u093e\u0935\u093e\u0926\u0940 \u0926\u0930\u094d\u0936\u0928, \u0905\u0902\u0924\u0930\u094d\u0938\u093e\u0902\u0938\u094d\u0915\u0943\u0924\u093f\u0915 \u0938\u0902\u0926\u0930\u094d\u092d \u090f\u0935\u0902 \u092c\u0939\u0941-\u0935\u093f\u0937\u092f\u0915 \u092a\u094d\u0930\u0915\u094d\u0930\u093f\u092f\u093e\u0935\u093f\u091c\u094d\u091e\u093e\u0928 \u0915\u0947 \u091c\u0930\u093f\u090f \u0915\u0932\u093e \u092a\u0930\u0902\u092a\u0930\u093e\u0913\u0902 \u0915\u094b \u0938\u092e\u091d\u0928\u0947 \u0939\u0947\u0924\u0941 \u0926\u093f\u0936\u093e \u0914\u0930 \u092a\u094d\u0930\u0915\u093e\u0936 \u0926\u0947\u0928\u0947 \u0935\u093e\u0932\u0947 \u0935\u093f\u0926\u094d\u0935\u093e\u0928\u094b\u0902 \u0915\u0947 \u092e\u0939\u0924\u0940 \u0915\u093e\u0930\u094d\u092f\u094b\u0902 \u0915\u094b \u0906\u0917\u093e\u092e\u0940 \u092a\u0940\u095d\u093f\u092f\u094b\u0902 \u0915\u0947 \u0938\u092e\u0915\u094d\u0937 \u0930\u0916\u0928\u0947 \u0915\u0940 \u0926\u093f\u0936\u093e \u092e\u0947\u0902 \u0915\u093e\u0930\u094d\u092f\u0930\u0924 \u0939\u0948\u0964 \u0924\u0940\u0928 \u092a\u094d\u0930\u0915\u093e\u0936\u0928\u094b\u0902- <a href=\"https:\/\/ignca.gov.in\/hi\/product-category\/book\/kalatattvakosa-series\/\"> \u0915\u0932\u093e\u0924\u0924\u094d\u0924\u094d\u0935\u0915\u094b\u0936<\/a>, <a href=\"https:\/\/ignca.gov.in\/hi\/divisionss\/kalakosa\/kalamulasastra\/?hlst=?hlst=Kal\u0101m\u016bla\u015b\u0101stra\/\">\u0915\u0932\u093e\u092e\u0942\u0932\u0936\u093e\u0938\u094d\u0924\u094d\u0930<\/a>,\u090f\u0935\u0902 <a href=\"https:\/\/ignca.gov.in\/hi\/divisionss\/kalakosa\/kalasamalocana\/\">\u0915\u0932\u093e\u0938\u092e\u093e\u0932\u094b\u091a\u0928\u093e<\/a> \u0915\u0947 \u0905\u0902\u0924\u0930\u094d\u0917\u0924 \u0932\u0917\u092d\u0917 120 \u0936\u0940\u0930\u094d\u0937\u0915\u094b\u0902 \u0915\u093e \u092a\u094d\u0930\u0915\u093e\u0936\u0928 \u0939\u0941\u0906 \u0939\u0948\u0964<\/p>\n<pre><a href=\"https:\/\/ignca.gov.in\/PDF_data\/Profile_of_Dr_Sudhir_Lall.pdf\" target=\"_blank\" rel=\"noopener\">Dr. Sudhir Kumar Lall<\/a>\r\n\r\nProfessor & Head Kalakosa Division &amp; Project Director (Bharat Vidya Prayojana, \r\nVedic Heritage Portal &amp; Nari Samvaad Prakalp) \r\nIndira Gandhi National Centre for the Arts (IGNCA), \r\nMinistry of Culture, Govt. of India. \r\n\r\nPhone: + 91 011-23446406\r\nEmails:sudhirlall[at]gmail[dot]com, igncakkhod[at]gmail[dot]com, \r\nbhaviprayojana[at]gmail[dot]com, iamvedic[at]gmail[dot]com, \r\nnarivadas217[at]gmail.com<\/pre>\n<\/div>\n<div class=\"col-md-4 bubble\" style=\"text-align: left;\">\n<div class=\"rectangle\">\n<h2>Publication Series<\/h2>\n<\/div>\n<div class=\"triangle-l\"><\/div>\n<div class=\"listabt\" style=\"text-align: left;\">\n<ul class=\"MT20\">\n<li>\u0917\u0941\u0930\u0941 \u092a\u0930\u0902\u092a\u0930\u093e \u0938\u0902\u0935\u093e\u0926 \u0936\u094d\u0930\u0943\u0902\u0916\u0932\u093e <img decoding=\"async\" src=\"\/wp-content\/uploads\/2015\/05\/new6-1.gif\" alt=\"\">\n<ul>\n<li><a target=\"_blank\" href=\"https:\/\/youtu.be\/xxc6Mc3u3-o?si=uJ5QijsqAdQEkMiq\" rel=\"noopener\">\u0905\u092d\u093f\u0928\u0935\u0917\u0941\u092a\u094d\u0924 \u0928\u0935\u091c\u0940\u0935\u0928 \u0938\u0902\u0935\u093e\u0926 &#8211; \u0917\u0941\u0930\u0941 \u092a\u0930\u0902\u092a\u0930\u093e<\/a><\/li>\n<li><a target=\"_blank\" href=\"https:\/\/www.youtube.com\/watch?v=j1wyNIlr2Zs&#038;list=PLuzwnN3LJavWhJIr6H2zo2mn2gPoCzeRX&#038;index=3\" rel=\"noopener\">\u0905\u092d\u093f\u0928\u0935\u0917\u0941\u092a\u094d\u0924 \u0928\u0935\u091c\u0940\u0935\u0928 \u0938\u0902\u0935\u093e\u0926 | \u0936\u093e\u0938\u094d\u0924\u094d\u0930 \u092a\u0930\u0902\u092a\u0930\u093e \u092d\u093e\u0917 &#8211; 1 | \u092a\u094d\u0930\u094b. \u0928\u0935\u091c\u0940\u0935\u0928 \u0930\u0938\u094d\u0924\u094b\u0917\u0940 |<\/a><\/li>\n<li><a target=\"_blank\" href=\"https:\/\/www.youtube.com\/watch?v=lJ8yG8ob0qI\" rel=\"noopener\">\u0905\u092d\u093f\u0928\u0935\u0917\u0941\u092a\u094d\u0924 \u0928\u0935\u091c\u0940\u0935\u0928 \u0938\u0902\u0935\u093e\u0926 &#8211; \u0936\u093e\u0938\u094d\u0924\u094d\u0930 \u092a\u0930\u0902\u092a\u0930\u093e \u092d\u093e\u0917 &#8211; 2 | \u092a\u094d\u0930\u094b. \u0928\u0935\u091c\u0940\u0935\u0928 \u0930\u0938\u094d\u0924\u094b\u0917\u0940 |<\/a><\/li>\n<\/ul>\n<\/li>\n<li><a href=\"\/hi\/regional-centers\/eastern-regional-centre\/\">\u0935\u093e\u0930\u093e\u0923\u0938\u0940 \u0915\u094d\u0937\u0947\u0924\u094d\u0930\u0940\u092f \u0915\u0947\u0902\u0926\u094d\u0930<\/a><\/li>\n<li><a href=\"\/divisionss\/kalakosa\/database-of-kalatattvakosa-terms\/ \">\u0915\u0932\u093e\u0924\u0924\u094d\u0935\u0915\u094b\u0936 \u091f\u0930\u094d\u092e\u094d\u0938 \u0921\u0947\u091f\u093e\u092c\u0947\u0938 (\u0938\u0902\u0926\u0930\u094d\u092d \u0915\u093e\u0930\u094d\u0921\u094d\u0938) <img loading=\"lazy\" decoding=\"async\" src=\"http:\/\/ignca.gov.in\/images\/new6.gif\" alt=\"\" width=\"35\" height=\"15\" border=\"0\" \/><\/a><\/li>\n<li><a href=\"\/divisionss\/kalakosa\/video-clip-vedic-chanting\/\">\u0935\u0948\u0926\u093f\u0915 \u0917\u093e\u0928\u0903 \u092e\u093e\u0928\u0935\u0924\u093e \u0915\u0940 \u0905\u092e\u0942\u0930\u094d\u0924 \u0935\u093f\u0930\u093e\u0938\u0924 \u0915\u0940 \u092e\u0939\u093e\u0928 \u0915\u0943\u0924\u093f\u092f\u094b\u0902 \u0915\u0940 \u0930\u0915\u094d\u0937\u093e \u0914\u0930 \u092a\u094d\u0930\u094b\u0924\u094d\u0938\u093e\u0939\u0928 \u0915\u0940 \u090f\u0915 \u092a\u0930\u093f\u092f\u094b\u091c\u0928\u093e, \u0905\u0930\u094d\u0925\u093e\u0924\u094d \u0939\u092e\u093e\u0930\u0940 \u0935\u093e\u091a\u093f\u0915 \u092a\u0930\u0902\u092a\u0930\u093e \u090f\u0935\u0902 \u0915\u0930\u094d\u092e\u0915\u093e\u0902\u0921\u0940\u092f \u0930\u093f\u0935\u093e\u091c<\/a><\/li>\n<\/ul>\n<\/div>\n<\/div>\n<\/div>\n<p><\/p>","protected":false},"excerpt":{"rendered":"<p>\u0915\u0932\u093e\u0915\u094b\u0936 \u0915\u0932\u093e\u0915\u094b\u0936 \u092c\u094c\u0926\u094d\u0927\u093f\u0915 \u092a\u0930\u0902\u092a\u0930\u093e\u0913\u0902 \u0915\u093e \u0905\u0928\u094d\u0935\u0947\u0937\u0923 \u0909\u0928\u0915\u0947 \u092c\u0939\u0941\u0938\u094d\u0924\u0930\u0940\u092f \u090f\u0935\u0902 \u092c\u0939\u0941\u0935\u093f\u0937\u092f\u0940 \u0906\u092f\u093e\u092e\u094b\u0902 \u092e\u0947\u0902 \u0915\u0930\u0924\u093e \u0939\u0948\u0964 \u0936\u094b\u0927 \u0914\u0930 \u092a\u094d\u0930\u0915\u093e\u0936\u0928 \u092a\u094d\u0930\u092d\u093e\u0917 \u0915\u0947 \u0930\u0942\u092a \u092e\u0947\u0902 \u092f\u0939 \u0932\u093f\u0916\u093f\u0924 \u0938\u093e\u092e\u0917\u094d\u0930\u093f\u092f\u094b\u0902 \u0915\u094b \u0935\u093e\u091a\u093f\u0915 \u092a\u0930\u0902\u092a\u0930\u093e \u0915\u0947 \u0938\u093e\u0925, \u0926\u0943\u0936\u094d\u092f \u0915\u094b \u0936\u094d\u0930\u0935\u094d\u092f \u0915\u0947 \u0938\u093e\u0925 \u0914\u0930 \u0938\u093f\u0926\u094d\u0927\u093e\u0902\u0924 \u0915\u094b \u0935\u094d\u092f\u0935\u0939\u093e\u0930 \u0915\u0947 \u0938\u093e\u0925 \u0938\u0941\u0938\u0902\u092c\u0926\u094d\u0927 \u0915\u0930\u0924\u0947 \u0939\u0941\u090f \u0915\u0932\u093e \u0915\u094b \u0938\u093e\u0902\u0938\u094d\u0915\u0943\u0924\u093f\u0915 \u0935\u094d\u092f\u0935\u0938\u094d\u0925\u093e \u0915\u0947 \u0938\u092e\u0947\u0915\u093f\u0924 \u0922\u093e\u0902\u091a\u0947 \u092e\u0947\u0902 \u0935\u094d\u092f\u0935\u0938\u094d\u0925\u093f\u0924 \u0915\u0930\u0928\u0947 \u0915\u093e \u092a\u094d\u0930\u092f\u0924\u094d\u0928 &hellip; <a href=\"https:\/\/ignca.gov.in\/hi\/divisionss\/kalakosa\/\" class=\"more-link\"><span class=\"screen-reader-text\">\u0915\u0932\u093e\u0915\u094b\u0936<\/span> <span class=\"meta-nav\">&rarr;<\/span> \u0915\u094b \u092a\u0922\u093c\u0928\u093e \u091c\u093e\u0930\u0940 \u0930\u0916\u0947\u0902<\/a><\/p>\n","protected":false},"author":50279,"featured_media":0,"parent":71,"menu_order":0,"comment_status":"open","ping_status":"open","template":"template-4.php","meta":{"footnotes":""},"class_list":["post-283","page","type-page","status-publish","hentry"],"_links":{"self":[{"href":"https:\/\/ignca.gov.in\/hi\/wp-json\/wp\/v2\/pages\/283","targetHints":{"allow":["GET"]}}],"collection":[{"href":"https:\/\/ignca.gov.in\/hi\/wp-json\/wp\/v2\/pages"}],"about":[{"href":"https:\/\/ignca.gov.in\/hi\/wp-json\/wp\/v2\/types\/page"}],"author":[{"embeddable":true,"href":"https:\/\/ignca.gov.in\/hi\/wp-json\/wp\/v2\/users\/50279"}],"replies":[{"embeddable":true,"href":"https:\/\/ignca.gov.in\/hi\/wp-json\/wp\/v2\/comments?post=283"}],"version-history":[{"count":28,"href":"https:\/\/ignca.gov.in\/hi\/wp-json\/wp\/v2\/pages\/283\/revisions"}],"predecessor-version":[{"id":113708,"href":"https:\/\/ignca.gov.in\/hi\/wp-json\/wp\/v2\/pages\/283\/revisions\/113708"}],"up":[{"embeddable":true,"href":"https:\/\/ignca.gov.in\/hi\/wp-json\/wp\/v2\/pages\/71"}],"wp:attachment":[{"href":"https:\/\/ignca.gov.in\/hi\/wp-json\/wp\/v2\/media?parent=283"}],"curies":[{"name":"wp","href":"https:\/\/api.w.org\/{rel}","templated":true}]}}