













































































{"id":7215,"date":"2016-08-01T09:25:01","date_gmt":"2016-08-01T09:25:01","guid":{"rendered":"http:\/\/ignca.gov.in\/?page_id=7215"},"modified":"2017-09-06T18:09:32","modified_gmt":"2017-09-06T12:39:32","slug":"tanjavur-brhadisvara-an-architectural-study-3","status":"publish","type":"page","link":"https:\/\/ignca.gov.in\/hi\/divisionss\/kalakosa\/kalasamalocana\/ksetra-sampada-regional-heritage-series\/tanjavur-brhadisvara-an-architectural-study-3\/","title":{"rendered":"Tanjavur Brhadisvara  An Architectural Study"},"content":{"rendered":"<h3 class=\"hdng\"> Tanjavur Brhadisvara An Architectural Study<\/h3>\n<div class=\"row\">\n<div class=\"col-lg-3\"> <a href=\"\/wp-content\/uploads\/2016\/08\/kp_006-1.jpg\"><img decoding=\"async\" src=\"\/wp-content\/uploads\/2016\/08\/kp_006-1-203x300.jpg\" alt=\"kp_006 (1)\" class=\"img-responsive img-bg\" width=\"\" height=\"\"><\/a> <\/div>\n<div class=\"col-lg-9\">\n<p><strong>TANJAVUR B\u1e5aHAD\u012a\u015aVARA: AN ARCHITECTURAL STUDY PIERE PICHARD<\/strong><\/p>\n<p class=\"PT10\"><strong>1995, 244pp, line drawings, b&amp;w plates, bibl, index ISBN: 81-85503-04-4, Rs 1000(HB)<\/strong><\/p>\n<p class=\"PT10\">The B\u1e5bhad\u012b\u015bvara temple also known as the R\u0101jar\u0101je\u015bvara Temple built by R\u0101ja R\u0101ja I in CE 1010. has been acclaimed as the finest achievement of Co\u1e37a art. The present volume on the architecture of the B\u1e5bhad\u012b\u015bvara Temple is the first of technical monographs. Itis only appropriate that the architectural plan of the monument should precede the other studies relating to inscriptions, sculptural programme on inner and outer walls, murals in the garbhag\u1e5bha, kara\u1e47as on the upper storeys, and much else. A standard code has been devised so that all subsequent studies will follow the same code. It is the monument which provides centrality to the region and constitutes the steel frame for further studies on other aspects.<\/p>\n<ul class=\"PT10\">\n<li><a href=\"\/?p=7248\">&raquo; Foreword<\/a><\/li>\n<li><a href=\"\/?p=7350\">&raquo; Glimpses of Content<\/a><\/li>\n<li><a href=\"\/nl_01118.htm\">&raquo; Book Review &ndash; Article Published in Newsletter<\/a><\/li>\n<\/ul>\n<\/div>\n<\/div>\n","protected":false},"excerpt":{"rendered":"<p>Tanjavur Brhadisvara An Architectural Study TANJAVUR B\u1e5aHAD\u012a\u015aVARA: AN ARCHITECTURAL STUDY PIERE PICHARD 1995, 244pp, line drawings, b&amp;w plates, bibl, index ISBN: 81-85503-04-4, Rs 1000(HB) The B\u1e5bhad\u012b\u015bvara temple also known as the R\u0101jar\u0101je\u015bvara Temple built by R\u0101ja R\u0101ja I in CE 1010. has been acclaimed as the finest achievement of Co\u1e37a art. The present volume on &hellip; <a href=\"https:\/\/ignca.gov.in\/hi\/divisionss\/kalakosa\/kalasamalocana\/ksetra-sampada-regional-heritage-series\/tanjavur-brhadisvara-an-architectural-study-3\/\" class=\"more-link\"><span class=\"screen-reader-text\">Tanjavur Brhadisvara  An Architectural Study<\/span> <span class=\"meta-nav\">&rarr;<\/span> \u0915\u094b \u092a\u0922\u093c\u0928\u093e \u091c\u093e\u0930\u0940 \u0930\u0916\u0947\u0902<\/a><\/p>\n","protected":false},"author":50279,"featured_media":0,"parent":4013,"menu_order":0,"comment_status":"open","ping_status":"open","template":"template-5.php","meta":{"footnotes":""},"class_list":["post-7215","page","type-page","status-publish","hentry"],"_links":{"self":[{"href":"https:\/\/ignca.gov.in\/hi\/wp-json\/wp\/v2\/pages\/7215","targetHints":{"allow":["GET"]}}],"collection":[{"href":"https:\/\/ignca.gov.in\/hi\/wp-json\/wp\/v2\/pages"}],"about":[{"href":"https:\/\/ignca.gov.in\/hi\/wp-json\/wp\/v2\/types\/page"}],"author":[{"embeddable":true,"href":"https:\/\/ignca.gov.in\/hi\/wp-json\/wp\/v2\/users\/50279"}],"replies":[{"embeddable":true,"href":"https:\/\/ignca.gov.in\/hi\/wp-json\/wp\/v2\/comments?post=7215"}],"version-history":[{"count":0,"href":"https:\/\/ignca.gov.in\/hi\/wp-json\/wp\/v2\/pages\/7215\/revisions"}],"up":[{"embeddable":true,"href":"https:\/\/ignca.gov.in\/hi\/wp-json\/wp\/v2\/pages\/4013"}],"wp:attachment":[{"href":"https:\/\/ignca.gov.in\/hi\/wp-json\/wp\/v2\/media?parent=7215"}],"curies":[{"name":"wp","href":"https:\/\/api.w.org\/{rel}","templated":true}]}}