













































































{"id":7345,"date":"2016-08-01T10:11:00","date_gmt":"2016-08-01T10:11:00","guid":{"rendered":"http:\/\/ignca.gov.in\/?page_id=7345"},"modified":"2017-09-07T15:35:03","modified_gmt":"2017-09-07T10:05:03","slug":"hampi-the-world-heritage-site-part-i-to-vi","status":"publish","type":"page","link":"https:\/\/ignca.gov.in\/hi\/divisionss\/media-centre\/outreach\/published-dvds\/hampi-the-world-heritage-site-part-i-to-vi\/","title":{"rendered":"Hampi The World Heritage Site (Part I to VI)"},"content":{"rendered":"<div class=\"row\">\n<h3 class=\"hdng\">Hampi The World Heritage Site (Part I to VI)<\/h3>\n<div class=\"col-md-4\">\n<p><img loading=\"lazy\" decoding=\"async\" src=\"\/wp-content\/uploads\/2016\/08\/hampi_b-300x239.jpg\" alt=\"hampi_b\" width=\"300\" height=\"239\" class=\"sideimg img-responsive\" \/><\/p>\n<\/p><\/div>\n<div class=\"col-md-8\">\n<p>Director: R.Bharathadri<br \/>\n        Duration:<br \/>\n        Episodes I to VI: 2 hours 27 minutes 19 seconds<br \/>\n        Produced by IGNCA\n        <\/p>\n<p align=\"justify\">The film showcases the grandeur of the World Heritage Site \u2013 Hampi, known in ancient times as Pamp\u0101k\u1e63etra. Hampi was the capital of Vijayanagar Empire on the south bank of river Tu\u1e45gabhadr\u0101, in Karnataka between the 14th and 16th centuries. The roving camera takes one through the corridors of artistic creativity in the primeval rocky landscape, dotted with massive fortifications, aqueducts, tanks, colossal gopuras and monolithic sculptures, Queens Bath and Candra\u015bekhara temple, Vir\u016bp\u015bk\u1e63a temple, Lak\u1e63m\u012b Narasi\u1e41ha or K\u1e5b\u1e63\u1e47a temple, Haz\u0101ra R\u0101ma temple, Vi\u1e6d\u1e6dhala and Tiruve\u1e45galan\u0101tha temple. It explores the contextual oral tradition, animating the cultural hinterland, with sound bytes of scholars, and music emanating from musical pillars. <\/p>\n<\/p><\/div>\n<\/p><\/div>\n<div class=\"row\">\n<div class=\"col-md-12\">\n<p><img loading=\"lazy\" decoding=\"async\" src=\"\/wp-content\/uploads\/2016\/08\/hampi.jpg\" alt=\"hampi\" width=\"600\" height=\"466\" class=\"sideimg img-responsive\" \/><\/p>\n<p><img loading=\"lazy\" decoding=\"async\" src=\"http:\/\/ignca.gov.in\/wp-content\/uploads\/2016\/08\/hampi-1-212x300.jpg\" alt=\"hampi (1)\" width=\"600\" height=\"466\" class=\"sideimg img-responsive\" \/><\/p>\n<p>Copyright IGNCA<\/p>\n<p> The cost of the DVD in India: Rs. 150\/- + (actual Forwarding Charges)<\/p>\n<p>  Know about- <a href=\"http:\/\/ignca.gov.in\/publications\/\" class=\"btn btn-default\">Sale of Publication<\/a><\/p>\n<p align=\"center\" style=\"margin-top:100px\"><a href=\"\/?p=4800\" target=\"_blank\">List of DVD ROMs available<\/a> | <a href=\"\/?p=335\" target=\"_blank\">Film &amp; Video Documentation<\/a><\/p>\n<\/p><\/div>\n<\/div>\n","protected":false},"excerpt":{"rendered":"<p>Hampi The World Heritage Site (Part I to VI) Director: R.Bharathadri Duration: Episodes I to VI: 2 hours 27 minutes 19 seconds Produced by IGNCA The film showcases the grandeur of the World Heritage Site \u2013 Hampi, known in ancient times as Pamp\u0101k\u1e63etra. Hampi was the capital of Vijayanagar Empire on the south bank of &hellip; <a href=\"https:\/\/ignca.gov.in\/hi\/divisionss\/media-centre\/outreach\/published-dvds\/hampi-the-world-heritage-site-part-i-to-vi\/\" class=\"more-link\"><span class=\"screen-reader-text\">Hampi The World Heritage Site (Part I to VI)<\/span> <span class=\"meta-nav\">&rarr;<\/span> \u0915\u094b \u092a\u0922\u093c\u0928\u093e \u091c\u093e\u0930\u0940 \u0930\u0916\u0947\u0902<\/a><\/p>\n","protected":false},"author":50279,"featured_media":0,"parent":4800,"menu_order":0,"comment_status":"open","ping_status":"open","template":"template-1.php","meta":{"footnotes":""},"class_list":["post-7345","page","type-page","status-publish","hentry"],"_links":{"self":[{"href":"https:\/\/ignca.gov.in\/hi\/wp-json\/wp\/v2\/pages\/7345","targetHints":{"allow":["GET"]}}],"collection":[{"href":"https:\/\/ignca.gov.in\/hi\/wp-json\/wp\/v2\/pages"}],"about":[{"href":"https:\/\/ignca.gov.in\/hi\/wp-json\/wp\/v2\/types\/page"}],"author":[{"embeddable":true,"href":"https:\/\/ignca.gov.in\/hi\/wp-json\/wp\/v2\/users\/50279"}],"replies":[{"embeddable":true,"href":"https:\/\/ignca.gov.in\/hi\/wp-json\/wp\/v2\/comments?post=7345"}],"version-history":[{"count":0,"href":"https:\/\/ignca.gov.in\/hi\/wp-json\/wp\/v2\/pages\/7345\/revisions"}],"up":[{"embeddable":true,"href":"https:\/\/ignca.gov.in\/hi\/wp-json\/wp\/v2\/pages\/4800"}],"wp:attachment":[{"href":"https:\/\/ignca.gov.in\/hi\/wp-json\/wp\/v2\/media?parent=7345"}],"curies":[{"name":"wp","href":"https:\/\/api.w.org\/{rel}","templated":true}]}}