













































































{"id":8909,"date":"2016-08-02T10:35:42","date_gmt":"2016-08-02T10:35:42","guid":{"rendered":"http:\/\/ignca.gov.in\/?page_id=8909"},"modified":"2017-09-11T13:45:59","modified_gmt":"2017-09-11T08:15:59","slug":"boatment-of-india-koli-from-maharashtra","status":"publish","type":"page","link":"https:\/\/ignca.gov.in\/hi\/divisionss\/media-centre\/outreach\/published-dvds\/boatment-of-india-koli-from-maharashtra\/","title":{"rendered":"Boatment of India &#8211; Koli from Maharashtra"},"content":{"rendered":"<div class=\"row\">\n<h3 class=\"hdng\">Boatment of India &#8211; Koli from Maharashtra<\/h3>\n<div class=\"col-md-4\">\n<p><img decoding=\"async\" src=\"\/wp-content\/uploads\/2016\/08\/dvd_boatmen_koli.jpg\" class=\"sideimg img-responsive\"><\/p>\n<\/p><\/div>\n<div class=\"col-md-8\">\n<p align=\"justify\">Director: Kanu Behl<br \/>\n            Duration: 56 min\n                <\/p>\n<p align=\"justify\">The boatmen of Maharashtra belong to the \u2018Koli community\u2019 which accounts for a substantial number of coastal populations. The other communities of the region are known as Koli Kolis, Vaiti Kolis, Mah\u0101dev Koli, Survan\u015b\u012b Koli and the Mangela. Known as Koliwadas the Koli community mainly spreads in seven islands of Mumbai and they are religious people. The documentary highlights their profession and lifestyle through the rituals, celebrations, religious contexts, folklore and songs.<\/p>\n<\/div>\n<\/div>\n<div class=\"row\">\n<div class=\"col-md-12\">\n<p>Copyright IGNCA<\/p>\n<p> The cost of the DVD in India: Rs. 150\/- + (actual Forwarding Charges) <\/p>\n<p> Know about- <a href=\"http:\/\/ignca.gov.in\/publications\/\" class=\"btn btn-default\">Sale of Publication<\/a><\/p>\n<p align=\"center\" style=\"margin-top:100px\"><a href=\"\/?p=4800\" target=\"_blank\">List of DVD ROMs available<\/a> | <a href=\"\/?p=335\" target=\"_blank\">Film &amp; Video Documentation<\/a><\/p>\n<\/div>\n<\/div>\n","protected":false},"excerpt":{"rendered":"<p>Boatment of India &#8211; Koli from Maharashtra Director: Kanu Behl Duration: 56 min The boatmen of Maharashtra belong to the \u2018Koli community\u2019 which accounts for a substantial number of coastal populations. The other communities of the region are known as Koli Kolis, Vaiti Kolis, Mah\u0101dev Koli, Survan\u015b\u012b Koli and the Mangela. Known as Koliwadas the &hellip; <a href=\"https:\/\/ignca.gov.in\/hi\/divisionss\/media-centre\/outreach\/published-dvds\/boatment-of-india-koli-from-maharashtra\/\" class=\"more-link\"><span class=\"screen-reader-text\">Boatment of India &#8211; Koli from Maharashtra<\/span> <span class=\"meta-nav\">&rarr;<\/span> \u0915\u094b \u092a\u0922\u093c\u0928\u093e \u091c\u093e\u0930\u0940 \u0930\u0916\u0947\u0902<\/a><\/p>\n","protected":false},"author":50279,"featured_media":0,"parent":4800,"menu_order":0,"comment_status":"open","ping_status":"open","template":"template-1.php","meta":{"footnotes":""},"class_list":["post-8909","page","type-page","status-publish","hentry"],"_links":{"self":[{"href":"https:\/\/ignca.gov.in\/hi\/wp-json\/wp\/v2\/pages\/8909","targetHints":{"allow":["GET"]}}],"collection":[{"href":"https:\/\/ignca.gov.in\/hi\/wp-json\/wp\/v2\/pages"}],"about":[{"href":"https:\/\/ignca.gov.in\/hi\/wp-json\/wp\/v2\/types\/page"}],"author":[{"embeddable":true,"href":"https:\/\/ignca.gov.in\/hi\/wp-json\/wp\/v2\/users\/50279"}],"replies":[{"embeddable":true,"href":"https:\/\/ignca.gov.in\/hi\/wp-json\/wp\/v2\/comments?post=8909"}],"version-history":[{"count":0,"href":"https:\/\/ignca.gov.in\/hi\/wp-json\/wp\/v2\/pages\/8909\/revisions"}],"up":[{"embeddable":true,"href":"https:\/\/ignca.gov.in\/hi\/wp-json\/wp\/v2\/pages\/4800"}],"wp:attachment":[{"href":"https:\/\/ignca.gov.in\/hi\/wp-json\/wp\/v2\/media?parent=8909"}],"curies":[{"name":"wp","href":"https:\/\/api.w.org\/{rel}","templated":true}]}}