













































































{"id":9016,"date":"2016-08-02T11:08:27","date_gmt":"2016-08-02T11:08:27","guid":{"rendered":"http:\/\/ignca.gov.in\/?page_id=9016"},"modified":"2017-09-11T14:56:05","modified_gmt":"2017-09-11T09:26:05","slug":"buddhism-in-sikkim","status":"publish","type":"page","link":"https:\/\/ignca.gov.in\/hi\/divisionss\/media-centre\/outreach\/published-dvds\/buddhism-in-sikkim\/","title":{"rendered":"Buddhism in Sikkim"},"content":{"rendered":"<p><\/p>\n<div class=\"row\">\n<h3 class=\"hdng\">Buddhism in Sikkim<\/h3>\n<div class=\"col-md-4\">\n<p><img decoding=\"async\" src=\"\/wp-content\/uploads\/2016\/08\/Sikkim.jpg\" class=\"sideimg img-responsive\"><\/p>\n<\/p><\/div>\n<div class=\"col-md-8\">\n<p>Director: Sumit Banerjee<br \/>\nDuration: 1 hr, 29 min, 22 sec\n                <\/p>\n<p>Concept: Savyasaachi Jain<\/p>\n<p align=\"justify\">The film, in three parts, is a journey through the fascinating and inspiring story of Buddha\u2019s life, his teaching, Buddhist practices, the emergence of two sects \u2013 Therav\u0101daand Mah\u0101y\u0101na, and the coming of Buddhism to Sikkim via Tibet during fifteen-sixteen centuries. The ultimate goal is to reach Buddhahood, a stage beyond nirv\u0101\u1e47a and the path is through six p\u0101ramit\u0101s or transcendental wisdom. The film shows how Tibetan Buddhism and culture gets merged with indigenous practices in Sikkim and peeps into the life of Lepchas.<\/p>\n<p>Copyright IGNCA<\/p>\n<\/p><\/div>\n<\/p><\/div>\n<div class=\"row\">\n<div class=\"col-md-12\">\n<p><img decoding=\"async\" src=\"\/wp-content\/uploads\/2016\/08\/Sikkim_b.jpg\" class=\"sideimg img-responsive\"><\/p>\n<\/div>\n<\/div>\n<div class=\"row\">\n<div class=\"col-md-12\">\n<p>Copyright IGNCA<\/p>\n<p> The cost of the DVD in India: Rs. 150\/- + (actual Forwarding Charges) <\/p>\n<p> Know about- <a href=\"http:\/\/ignca.gov.in\/publications\/\" class=\"btn btn-default\">Sale of Publication<\/a><\/p>\n<p align=\"center\" style=\"margin-top:100px\"><a href=\"\/?p=4800\" target=\"_blank\">List of DVD ROMs available<\/a> | <a href=\"\/?p=335\" target=\"_blank\">Film &amp; Video Documentation<\/a><\/p>\n<\/div>\n<\/div>\n<p><\/p>","protected":false},"excerpt":{"rendered":"<p>Buddhism in Sikkim Director: Sumit Banerjee Duration: 1 hr, 29 min, 22 sec Concept: Savyasaachi Jain The film, in three parts, is a journey through the fascinating and inspiring story of Buddha\u2019s life, his teaching, Buddhist practices, the emergence of two sects \u2013 Therav\u0101daand Mah\u0101y\u0101na, and the coming of Buddhism to Sikkim via Tibet during &hellip; <a href=\"https:\/\/ignca.gov.in\/hi\/divisionss\/media-centre\/outreach\/published-dvds\/buddhism-in-sikkim\/\" class=\"more-link\"><span class=\"screen-reader-text\">Buddhism in Sikkim<\/span> <span class=\"meta-nav\">&rarr;<\/span> \u0915\u094b \u092a\u0922\u093c\u0928\u093e \u091c\u093e\u0930\u0940 \u0930\u0916\u0947\u0902<\/a><\/p>\n","protected":false},"author":50279,"featured_media":0,"parent":4800,"menu_order":0,"comment_status":"open","ping_status":"open","template":"template-1.php","meta":{"footnotes":""},"class_list":["post-9016","page","type-page","status-publish","hentry"],"_links":{"self":[{"href":"https:\/\/ignca.gov.in\/hi\/wp-json\/wp\/v2\/pages\/9016","targetHints":{"allow":["GET"]}}],"collection":[{"href":"https:\/\/ignca.gov.in\/hi\/wp-json\/wp\/v2\/pages"}],"about":[{"href":"https:\/\/ignca.gov.in\/hi\/wp-json\/wp\/v2\/types\/page"}],"author":[{"embeddable":true,"href":"https:\/\/ignca.gov.in\/hi\/wp-json\/wp\/v2\/users\/50279"}],"replies":[{"embeddable":true,"href":"https:\/\/ignca.gov.in\/hi\/wp-json\/wp\/v2\/comments?post=9016"}],"version-history":[{"count":0,"href":"https:\/\/ignca.gov.in\/hi\/wp-json\/wp\/v2\/pages\/9016\/revisions"}],"up":[{"embeddable":true,"href":"https:\/\/ignca.gov.in\/hi\/wp-json\/wp\/v2\/pages\/4800"}],"wp:attachment":[{"href":"https:\/\/ignca.gov.in\/hi\/wp-json\/wp\/v2\/media?parent=9016"}],"curies":[{"name":"wp","href":"https:\/\/api.w.org\/{rel}","templated":true}]}}