













































































{"id":9054,"date":"2016-08-02T11:23:09","date_gmt":"2016-08-02T11:23:09","guid":{"rendered":"http:\/\/ignca.gov.in\/?page_id=9054"},"modified":"2017-09-11T15:04:20","modified_gmt":"2017-09-11T09:34:20","slug":"brahmavadinis-the-first-women-gurukul-in-india","status":"publish","type":"page","link":"https:\/\/ignca.gov.in\/hi\/divisionss\/media-centre\/outreach\/published-dvds\/brahmavadinis-the-first-women-gurukul-in-india\/","title":{"rendered":"Brahmavadinis &#8211; The First-Women Gurukul in India"},"content":{"rendered":"<p><\/p>\n<div class=\"row\">\n<h3 class=\"hdng\">Brahmavadinis &#8211; The First-Women Gurukul in India<\/h3>\n<div class=\"col-md-4\">\n<p><img decoding=\"async\" src=\"\/wp-content\/uploads\/2016\/08\/dvd_brahmavadinis.jpg\" class=\"sideimg img-responsive\"><\/p>\n<\/p><\/div>\n<div><\/div>\n<div class=\"col-md-8\">\n<p>Duration: 26 min<\/p>\n<p align=\"justify\">The film traces Gada Mataji, the first female disciple of Up\u0101san\u012b B\u0101b\u0101 Mah\u0101r\u0101j, who established Kany\u0101kum\u0101r\u012b Sth\u0101n at Sakori in Maharashtra. Keeping the Vedic ritual practices in view in which a couple always perform rituals together, Up\u0101san\u012b has taught that the power of dharma lies in both male and female aspects of creation. The film documents the history of the first women gurukula established in the last century that created history by defying orthodox practices of male domination in the priesthood. The gurukula offers training and residence to women who are initiated to Vedic learning and become Brahmav\u0101din\u012bs as \u2018Str\u012b \u015aakti\u2019 is the power house for Indian religious belief system.<\/p>\n<\/p><\/div>\n<\/div>\n<div class=\"row\">\n<div class=\"col-md-12\">\n<p>Copyright IGNCA<\/p>\n<p> The cost of the DVD in India: Rs. 150\/- + (actual Forwarding Charges) <\/p>\n<p> Know about- <a href=\"http:\/\/ignca.gov.in\/publications\/\" class=\"btn btn-default\">Sale of Publication<\/a><\/p>\n<p align=\"center\" style=\"margin-top:100px\"><a href=\"\/?p=4800\" target=\"_blank\">List of DVD ROMs available<\/a> | <a href=\"\/?p=335\" target=\"_blank\">Film &amp; Video Documentation<\/a><\/p>\n<\/div>\n<\/div>\n<p><\/p>","protected":false},"excerpt":{"rendered":"<p>Brahmavadinis &#8211; The First-Women Gurukul in India Duration: 26 min The film traces Gada Mataji, the first female disciple of Up\u0101san\u012b B\u0101b\u0101 Mah\u0101r\u0101j, who established Kany\u0101kum\u0101r\u012b Sth\u0101n at Sakori in Maharashtra. Keeping the Vedic ritual practices in view in which a couple always perform rituals together, Up\u0101san\u012b has taught that the power of dharma lies &hellip; <a href=\"https:\/\/ignca.gov.in\/hi\/divisionss\/media-centre\/outreach\/published-dvds\/brahmavadinis-the-first-women-gurukul-in-india\/\" class=\"more-link\"><span class=\"screen-reader-text\">Brahmavadinis &#8211; The First-Women Gurukul in India<\/span> <span class=\"meta-nav\">&rarr;<\/span> \u0915\u094b \u092a\u0922\u093c\u0928\u093e \u091c\u093e\u0930\u0940 \u0930\u0916\u0947\u0902<\/a><\/p>\n","protected":false},"author":50279,"featured_media":0,"parent":4800,"menu_order":0,"comment_status":"open","ping_status":"open","template":"template-1.php","meta":{"footnotes":""},"class_list":["post-9054","page","type-page","status-publish","hentry"],"_links":{"self":[{"href":"https:\/\/ignca.gov.in\/hi\/wp-json\/wp\/v2\/pages\/9054","targetHints":{"allow":["GET"]}}],"collection":[{"href":"https:\/\/ignca.gov.in\/hi\/wp-json\/wp\/v2\/pages"}],"about":[{"href":"https:\/\/ignca.gov.in\/hi\/wp-json\/wp\/v2\/types\/page"}],"author":[{"embeddable":true,"href":"https:\/\/ignca.gov.in\/hi\/wp-json\/wp\/v2\/users\/50279"}],"replies":[{"embeddable":true,"href":"https:\/\/ignca.gov.in\/hi\/wp-json\/wp\/v2\/comments?post=9054"}],"version-history":[{"count":0,"href":"https:\/\/ignca.gov.in\/hi\/wp-json\/wp\/v2\/pages\/9054\/revisions"}],"up":[{"embeddable":true,"href":"https:\/\/ignca.gov.in\/hi\/wp-json\/wp\/v2\/pages\/4800"}],"wp:attachment":[{"href":"https:\/\/ignca.gov.in\/hi\/wp-json\/wp\/v2\/media?parent=9054"}],"curies":[{"name":"wp","href":"https:\/\/api.w.org\/{rel}","templated":true}]}}