













































































{"id":9074,"date":"2016-08-02T11:53:54","date_gmt":"2016-08-02T11:53:54","guid":{"rendered":"http:\/\/ignca.gov.in\/?page_id=9074"},"modified":"2017-09-11T15:09:12","modified_gmt":"2017-09-11T09:39:12","slug":"folklore-museum-of-mysore","status":"publish","type":"page","link":"https:\/\/ignca.gov.in\/hi\/divisionss\/media-centre\/outreach\/published-dvds\/folklore-museum-of-mysore\/","title":{"rendered":"Folklore Museum of Mysore"},"content":{"rendered":"<div class=\"row\">\n<h3 class=\"hdng\">Folklore Museum of Mysore<\/h3>\n<div class=\"col-md-4\">\n<p><img decoding=\"async\" src=\"\/wp-content\/uploads\/2016\/08\/Museum-Mysore.jpg\" class=\"sideimg img-responsive\"><\/p>\n<\/p><\/div>\n<div class=\"col-md-8\">\n<p>Directar: M. Lingraj<br \/>\n            Duration: 75 min, 12 sec\n                <\/p>\n<p align=\"justify\">The documentary explores the unique folklore Museum within the broader dimension of folk styles. It examines the concept of bh\u016bt\u0101r\u0101dhan\u0101 and wooden idols and the influence of Mother Goddess on the traditional society of the region. The theme shifts to v\u012brag\u0101th\u0101 dance acoustics and musical instruments. The world of fisheries of south Karnataka, pottery, lamps, foot-ware, cosmetics and comb, and magico-religious beads as ornaments and symbols. The story is also focused on yak\u1e63ag\u0101na and shadow puppetry. The film relates to the tangible and intangible heritage of the folk world.<\/p>\n<p>Copyright IGNCA<\/p>\n<\/p><\/div>\n<\/p><\/div>\n<div class=\"row\">\n<div class=\"col-md-12\">\n<p><img decoding=\"async\" src=\"\/wp-content\/uploads\/2016\/08\/Museum-Mysore_b.jpg\" class=\"sideimg img-responsive\"><\/p>\n<p>Copyright IGNCA<\/p>\n<p> The cost of the DVD in India: Rs. 150\/- + (actual Forwarding Charges) <\/p>\n<p> Know about- <a href=\"http:\/\/ignca.gov.in\/publications\/\" class=\"btn btn-default\">Sale of Publication<\/a><\/p>\n<p align=\"center\" style=\"margin-top:100px\"><a href=\"\/?p=4800\" target=\"_blank\">List of DVD ROMs available<\/a> | <a href=\"\/?p=335\" target=\"_blank\">Film &amp; Video Documentation<\/a><\/p>\n<\/div>\n<\/div>\n","protected":false},"excerpt":{"rendered":"<p>Folklore Museum of Mysore Directar: M. Lingraj Duration: 75 min, 12 sec The documentary explores the unique folklore Museum within the broader dimension of folk styles. It examines the concept of bh\u016bt\u0101r\u0101dhan\u0101 and wooden idols and the influence of Mother Goddess on the traditional society of the region. The theme shifts to v\u012brag\u0101th\u0101 dance acoustics &hellip; <a href=\"https:\/\/ignca.gov.in\/hi\/divisionss\/media-centre\/outreach\/published-dvds\/folklore-museum-of-mysore\/\" class=\"more-link\"><span class=\"screen-reader-text\">Folklore Museum of Mysore<\/span> <span class=\"meta-nav\">&rarr;<\/span> \u0915\u094b \u092a\u0922\u093c\u0928\u093e \u091c\u093e\u0930\u0940 \u0930\u0916\u0947\u0902<\/a><\/p>\n","protected":false},"author":50279,"featured_media":0,"parent":4800,"menu_order":0,"comment_status":"open","ping_status":"open","template":"template-1.php","meta":{"footnotes":""},"class_list":["post-9074","page","type-page","status-publish","hentry"],"_links":{"self":[{"href":"https:\/\/ignca.gov.in\/hi\/wp-json\/wp\/v2\/pages\/9074","targetHints":{"allow":["GET"]}}],"collection":[{"href":"https:\/\/ignca.gov.in\/hi\/wp-json\/wp\/v2\/pages"}],"about":[{"href":"https:\/\/ignca.gov.in\/hi\/wp-json\/wp\/v2\/types\/page"}],"author":[{"embeddable":true,"href":"https:\/\/ignca.gov.in\/hi\/wp-json\/wp\/v2\/users\/50279"}],"replies":[{"embeddable":true,"href":"https:\/\/ignca.gov.in\/hi\/wp-json\/wp\/v2\/comments?post=9074"}],"version-history":[{"count":0,"href":"https:\/\/ignca.gov.in\/hi\/wp-json\/wp\/v2\/pages\/9074\/revisions"}],"up":[{"embeddable":true,"href":"https:\/\/ignca.gov.in\/hi\/wp-json\/wp\/v2\/pages\/4800"}],"wp:attachment":[{"href":"https:\/\/ignca.gov.in\/hi\/wp-json\/wp\/v2\/media?parent=9074"}],"curies":[{"name":"wp","href":"https:\/\/api.w.org\/{rel}","templated":true}]}}